{"id":4719,"date":"2022-07-14T06:42:38","date_gmt":"2022-07-14T06:42:38","guid":{"rendered":"https:\/\/maskdesk.info\/ed\/?page_id=4719"},"modified":"2023-02-27T18:19:19","modified_gmt":"2023-02-27T18:19:19","slug":"seo-and-local-seo","status":"publish","type":"page","link":"https:\/\/expando.digital\/fr\/seo-and-local-seo\/","title":{"rendered":"SEO et r\u00e9f\u00e9rencement local"},"content":{"rendered":"<body>\t\t<div data-elementor-type=\"wp-page\" data-elementor-id=\"4719\" class=\"elementor elementor-4719\" data-elementor-post-type=\"page\">\n\t\t\t\t\t\t<section class=\"elementor-section elementor-top-section elementor-element elementor-element-9aea80c elementor-section-content-middle needs_mobiles_section_audit elementor-section-boxed elementor-section-height-default elementor-section-height-default\" data-id=\"9aea80c\" data-element_type=\"section\" data-e-type=\"section\" data-settings='{\"background_background\":\"classic\"}'>\n\t\t\t\t\t\t<div class=\"elementor-container elementor-column-gap-default\">\n\t\t\t\t\t<div class=\"elementor-column elementor-col-50 elementor-top-column elementor-element elementor-element-53ec6ba animated-slow elementor-invisible\" data-id=\"53ec6ba\" data-element_type=\"column\" data-e-type=\"column\" data-settings='{\"animation\":\"fadeInLeft\",\"animation_delay\":4}'>\n\t\t\t<div class=\"elementor-widget-wrap elementor-element-populated\">\n\t\t\t\t\t\t<div class=\"elementor-element elementor-element-bd44be0 elementor-widget elementor-widget-axil-title\" data-id=\"bd44be0\" data-element_type=\"widget\" data-e-type=\"widget\" data-widget_type=\"axil-title.default\">\n\t\t\t\t<div class=\"elementor-widget-container\">\n\t\t\t\t\t     <div class=\"section-heading heading-dark heading-dark-left\">            \r\n         \r\n                                    <h2 class=\"title\">\r\n                    R\u00e9f\u00e9rencement et r\u00e9f\u00e9rencement local                <\/h2> \r\n                         \r\n                            <p>Le r\u00e9f\u00e9rencement, ou optimisation des moteurs de recherche, est le processus d&#039;optimisation de votre site Web pour qu&#039;il soit mieux class\u00e9 dans les pages de r\u00e9sultats des moteurs de recherche lorsque les internautes recherchent des termes et des mots-cl\u00e9s li\u00e9s \u00e0 votre entreprise. Ce faisant, vous pouvez g\u00e9n\u00e9rer du trafic organique vers votre site Web, faisant du r\u00e9f\u00e9rencement un \u00e9l\u00e9ment essentiel de toute strat\u00e9gie de marketing num\u00e9rique.\n<br><br>\n\nQue vous soyez une nouvelle entreprise, une petite entreprise ou une grande entreprise, le r\u00e9f\u00e9rencement est crucial. Cela peut fournir des r\u00e9sultats incroyables pour toutes les entreprises, surtout au fil du temps, car cela r\u00e9duit le budget marketing.\n<br><br>\n\nN&#039;attendez plus pour am\u00e9liorer la visibilit\u00e9 de votre site internet et attirer plus de trafic. Contactez-nous d\u00e8s aujourd&#039;hui et nous pouvons vous aider \u00e0 optimiser votre strat\u00e9gie de r\u00e9f\u00e9rencement pour atteindre vos objectifs commerciaux\ud83d\ude09\n\n<\/p>\r\n            <\/div> \r\n   \t\t\t\t<\/div>\n\t\t\t\t<\/div>\n\t\t\t\t<div class=\"elementor-element elementor-element-5dce436 button_style_sec elementor-widget elementor-widget-button\" data-id=\"5dce436\" data-element_type=\"widget\" data-e-type=\"widget\" data-widget_type=\"button.default\">\n\t\t\t\t<div class=\"elementor-widget-container\">\n\t\t\t\t\t\t\t\t\t<div class=\"elementor-button-wrapper\">\n\t\t\t\t\t<a class=\"elementor-button elementor-button-link elementor-size-sm\" href=\"#contact\">\n\t\t\t\t\t\t<span class=\"elementor-button-content-wrapper\">\n\t\t\t\t\t\t\t\t\t<span class=\"elementor-button-text\">Contactez-nous<\/span>\n\t\t\t\t\t<\/span>\n\t\t\t\t\t<\/a>\n\t\t\t\t<\/div>\n\t\t\t\t\t\t\t\t<\/div>\n\t\t\t\t<\/div>\n\t\t\t\t\t<\/div>\n\t\t<\/div>\n\t\t\t\t<div class=\"elementor-column elementor-col-50 elementor-top-column elementor-element elementor-element-6d9f21c\" data-id=\"6d9f21c\" data-element_type=\"column\" data-e-type=\"column\">\n\t\t\t<div class=\"elementor-widget-wrap elementor-element-populated\">\n\t\t\t\t\t\t<div class=\"elementor-element elementor-element-ecb85c3 animated-slow elementor-invisible elementor-widget elementor-widget-image\" data-id=\"ecb85c3\" data-element_type=\"widget\" data-e-type=\"widget\" data-settings='{\"_animation\":\"fadeInRight\",\"_animation_delay\":4}' data-widget_type=\"image.default\">\n\t\t\t\t<div class=\"elementor-widget-container\">\n\t\t\t\t\t\t\t\t\t\t\t\t\t\t\t<img loading=\"lazy\" decoding=\"async\" width=\"2000\" height=\"2000\" src=\"https:\/\/i0.wp.com\/expando.digital\/wp-content\/uploads\/2023\/02\/Learning-amico.png?fit=2000%2C2000&amp;ssl=1\" class=\"attachment-full size-full wp-image-6941\" alt=\"\" srcset=\"https:\/\/i0.wp.com\/expando.digital\/wp-content\/uploads\/2023\/02\/Learning-amico.png?w=2000&amp;ssl=1 2000w, https:\/\/i0.wp.com\/expando.digital\/wp-content\/uploads\/2023\/02\/Learning-amico.png?resize=300%2C300&amp;ssl=1 300w, https:\/\/i0.wp.com\/expando.digital\/wp-content\/uploads\/2023\/02\/Learning-amico.png?resize=1024%2C1024&amp;ssl=1 1024w, https:\/\/i0.wp.com\/expando.digital\/wp-content\/uploads\/2023\/02\/Learning-amico.png?resize=150%2C150&amp;ssl=1 150w, https:\/\/i0.wp.com\/expando.digital\/wp-content\/uploads\/2023\/02\/Learning-amico.png?resize=768%2C768&amp;ssl=1 768w, https:\/\/i0.wp.com\/expando.digital\/wp-content\/uploads\/2023\/02\/Learning-amico.png?resize=1536%2C1536&amp;ssl=1 1536w, https:\/\/i0.wp.com\/expando.digital\/wp-content\/uploads\/2023\/02\/Learning-amico.png?resize=330%2C330&amp;ssl=1 330w, https:\/\/i0.wp.com\/expando.digital\/wp-content\/uploads\/2023\/02\/Learning-amico.png?resize=180%2C180&amp;ssl=1 180w, https:\/\/i0.wp.com\/expando.digital\/wp-content\/uploads\/2023\/02\/Learning-amico.png?resize=128%2C128&amp;ssl=1 128w, https:\/\/i0.wp.com\/expando.digital\/wp-content\/uploads\/2023\/02\/Learning-amico.png?resize=600%2C600&amp;ssl=1 600w, https:\/\/i0.wp.com\/expando.digital\/wp-content\/uploads\/2023\/02\/Learning-amico.png?resize=100%2C100&amp;ssl=1 100w, https:\/\/i0.wp.com\/expando.digital\/wp-content\/uploads\/2023\/02\/Learning-amico.png?w=1280&amp;ssl=1 1280w, https:\/\/i0.wp.com\/expando.digital\/wp-content\/uploads\/2023\/02\/Learning-amico.png?w=1920&amp;ssl=1 1920w\" sizes=\"auto, (max-width: 640px) 100vw, 640px\">\t\t\t\t\t\t\t\t\t\t\t\t\t\t\t<\/div>\n\t\t\t\t<\/div>\n\t\t\t\t\t<\/div>\n\t\t<\/div>\n\t\t\t\t\t<\/div>\n\t\t<\/section>\n\t\t\t\t<section class=\"elementor-section elementor-top-section elementor-element elementor-element-40e382db elementor-section-content-middle elementor-section-boxed elementor-section-height-default elementor-section-height-default\" data-id=\"40e382db\" data-element_type=\"section\" data-e-type=\"section\" data-settings='{\"background_background\":\"classic\"}'>\n\t\t\t\t\t\t<div class=\"elementor-container elementor-column-gap-default\">\n\t\t\t\t\t<div class=\"elementor-column elementor-col-50 elementor-top-column elementor-element elementor-element-fb19cb3 animated-slow elementor-invisible\" data-id=\"fb19cb3\" data-element_type=\"column\" data-e-type=\"column\" data-settings='{\"animation\":\"fadeInLeft\",\"animation_delay\":4}'>\n\t\t\t<div class=\"elementor-widget-wrap elementor-element-populated\">\n\t\t\t\t\t\t<div class=\"elementor-element elementor-element-1bf39cd3 elementor-widget elementor-widget-axil-title\" data-id=\"1bf39cd3\" data-element_type=\"widget\" data-e-type=\"widget\" data-widget_type=\"axil-title.default\">\n\t\t\t\t<div class=\"elementor-widget-container\">\n\t\t\t\t\t     <div class=\"section-heading heading-dark heading-dark-left\">            \r\n                    <span class=\"subtitle\">Experts en SEO &amp; SEO Local<\/span>\r\n         \r\n                                    <h2 class=\"title\">\r\n                    Qu&#039;est-ce qui nous rend sp\u00e9ciaux ?                <\/h2> \r\n                         \r\n                            <p>Nos efforts de r\u00e9f\u00e9rencement se concentreront sur vos besoins ainsi que sur ceux de vos clients. Nous trouverons un \u00e9quilibre entre les besoins de votre entreprise, ce que vous pr\u00e9f\u00e9rez g\u00e9rer et ce pour quoi vous souhaiteriez notre aide.\n<br><br>\n\nLa premi\u00e8re \u00e9tape consiste \u00e0 d\u00e9terminer si le cas est un <b>SEO traditionnel, SEO local, ou les deux<\/b>. Les \u00e9tapes suivantes incluent des \u00e9l\u00e9ments techniques tels que l&#039;analyse des concurrents, le r\u00e9f\u00e9rencement sur la page, la cr\u00e9ation de liens, la recherche de mots cl\u00e9s, la surveillance continue du r\u00e9f\u00e9rencement, une strat\u00e9gie de contenu conviviale, des pages Web am\u00e9lior\u00e9es, des tactiques de r\u00e9f\u00e9rencement hors page et Google My Business pour le r\u00e9f\u00e9rencement local. cas. De plus, nous trouverons un \u00e9quilibre entre le trafic organique et payant.\n<br><br>\n\nExpando vous aidera \u00e0 classer les mots-cl\u00e9s les plus appropri\u00e9s, y compris ceux qui ont une intention transactionnelle des utilisateurs. De cette fa\u00e7on, votre site Web appara\u00eetra non seulement davantage dans les recherches, mais attirera \u00e9galement des clients pr\u00eats \u00e0 acheter vos produits.<\/p>\r\n            <\/div> \r\n   \t\t\t\t<\/div>\n\t\t\t\t<\/div>\n\t\t\t\t<div class=\"elementor-element elementor-element-14fd230 button_style_sec elementor-widget elementor-widget-button\" data-id=\"14fd230\" data-element_type=\"widget\" data-e-type=\"widget\" data-widget_type=\"button.default\">\n\t\t\t\t<div class=\"elementor-widget-container\">\n\t\t\t\t\t\t\t\t\t<div class=\"elementor-button-wrapper\">\n\t\t\t\t\t<a class=\"elementor-button elementor-button-link elementor-size-sm\" href=\"#contact\">\n\t\t\t\t\t\t<span class=\"elementor-button-content-wrapper\">\n\t\t\t\t\t\t\t\t\t<span class=\"elementor-button-text\">Contactez-nous<\/span>\n\t\t\t\t\t<\/span>\n\t\t\t\t\t<\/a>\n\t\t\t\t<\/div>\n\t\t\t\t\t\t\t\t<\/div>\n\t\t\t\t<\/div>\n\t\t\t\t\t<\/div>\n\t\t<\/div>\n\t\t\t\t<div class=\"elementor-column elementor-col-50 elementor-top-column elementor-element elementor-element-b9ea4e4 animated-slow elementor-invisible\" data-id=\"b9ea4e4\" data-element_type=\"column\" data-e-type=\"column\" data-settings='{\"animation\":\"fadeInRight\",\"animation_delay\":4}'>\n\t\t\t<div class=\"elementor-widget-wrap elementor-element-populated\">\n\t\t\t\t\t\t<div class=\"elementor-element elementor-element-685e657 elementor-widget elementor-widget-image\" data-id=\"685e657\" data-element_type=\"widget\" data-e-type=\"widget\" data-widget_type=\"image.default\">\n\t\t\t\t<div class=\"elementor-widget-container\">\n\t\t\t\t\t\t\t\t\t\t\t\t\t\t\t<img loading=\"lazy\" decoding=\"async\" width=\"640\" height=\"640\" src=\"https:\/\/i0.wp.com\/expando.digital\/wp-content\/uploads\/2023\/02\/Online-world-amico.png?fit=640%2C640&amp;ssl=1\" class=\"attachment-large size-large wp-image-6945\" alt=\"\" srcset=\"https:\/\/i0.wp.com\/expando.digital\/wp-content\/uploads\/2023\/02\/Online-world-amico.png?w=2000&amp;ssl=1 2000w, https:\/\/i0.wp.com\/expando.digital\/wp-content\/uploads\/2023\/02\/Online-world-amico.png?resize=300%2C300&amp;ssl=1 300w, https:\/\/i0.wp.com\/expando.digital\/wp-content\/uploads\/2023\/02\/Online-world-amico.png?resize=1024%2C1024&amp;ssl=1 1024w, https:\/\/i0.wp.com\/expando.digital\/wp-content\/uploads\/2023\/02\/Online-world-amico.png?resize=150%2C150&amp;ssl=1 150w, https:\/\/i0.wp.com\/expando.digital\/wp-content\/uploads\/2023\/02\/Online-world-amico.png?resize=768%2C768&amp;ssl=1 768w, https:\/\/i0.wp.com\/expando.digital\/wp-content\/uploads\/2023\/02\/Online-world-amico.png?resize=1536%2C1536&amp;ssl=1 1536w, https:\/\/i0.wp.com\/expando.digital\/wp-content\/uploads\/2023\/02\/Online-world-amico.png?resize=330%2C330&amp;ssl=1 330w, https:\/\/i0.wp.com\/expando.digital\/wp-content\/uploads\/2023\/02\/Online-world-amico.png?resize=180%2C180&amp;ssl=1 180w, https:\/\/i0.wp.com\/expando.digital\/wp-content\/uploads\/2023\/02\/Online-world-amico.png?resize=128%2C128&amp;ssl=1 128w, https:\/\/i0.wp.com\/expando.digital\/wp-content\/uploads\/2023\/02\/Online-world-amico.png?resize=600%2C600&amp;ssl=1 600w, https:\/\/i0.wp.com\/expando.digital\/wp-content\/uploads\/2023\/02\/Online-world-amico.png?resize=100%2C100&amp;ssl=1 100w, https:\/\/i0.wp.com\/expando.digital\/wp-content\/uploads\/2023\/02\/Online-world-amico.png?w=1280&amp;ssl=1 1280w, https:\/\/i0.wp.com\/expando.digital\/wp-content\/uploads\/2023\/02\/Online-world-amico.png?w=1920&amp;ssl=1 1920w\" sizes=\"auto, (max-width: 640px) 100vw, 640px\">\t\t\t\t\t\t\t\t\t\t\t\t\t\t\t<\/div>\n\t\t\t\t<\/div>\n\t\t\t\t\t<\/div>\n\t\t<\/div>\n\t\t\t\t\t<\/div>\n\t\t<\/section>\n\t\t\t\t<section class=\"elementor-section elementor-top-section elementor-element elementor-element-767b9bd2 elementor-section-content-middle needs_mobiles_section_audit elementor-section-boxed elementor-section-height-default elementor-section-height-default\" data-id=\"767b9bd2\" data-element_type=\"section\" data-e-type=\"section\" id=\"contact\" data-settings='{\"background_background\":\"classic\"}'>\n\t\t\t\t\t\t<div class=\"elementor-container elementor-column-gap-default\">\n\t\t\t\t\t<div class=\"elementor-column elementor-col-100 elementor-top-column elementor-element elementor-element-caa2703\" data-id=\"caa2703\" data-element_type=\"column\" data-e-type=\"column\">\n\t\t\t<div class=\"elementor-widget-wrap elementor-element-populated\">\n\t\t\t\t\t\t<div class=\"elementor-element elementor-element-5b040fb1 elementor-widget elementor-widget-heading\" data-id=\"5b040fb1\" data-element_type=\"widget\" data-e-type=\"widget\" data-widget_type=\"heading.default\">\n\t\t\t\t<div class=\"elementor-widget-container\">\n\t\t\t\t\t<h2 class=\"elementor-heading-title elementor-size-default\">Pr\u00eat pour la prochaine \u00e9tape?\n<\/h2>\t\t\t\t<\/div>\n\t\t\t\t<\/div>\n\t\t\t\t\t<\/div>\n\t\t<\/div>\n\t\t\t\t\t<\/div>\n\t\t<\/section>\n\t\t\t\t<\/div>\n\t\t<\/body>","protected":false},"excerpt":{"rendered":"<p>SEO &amp; Local SEO SEO, or search engine optimization, is the process of optimizing your website to rank higher in [&hellip;]<\/p>\n","protected":false},"author":1,"featured_media":0,"parent":0,"menu_order":0,"comment_status":"closed","ping_status":"closed","template":"elementor_header_footer","meta":{"om_disable_all_campaigns":false,"pmpro_default_level":"","footnotes":""},"class_list":["post-4719","page","type-page","status-publish","hentry","pmpro-has-access"],"acf":[],"yoast_head":"<!-- This site is optimized with the Yoast SEO Premium plugin v20.1 (Yoast SEO v27.4) - https:\/\/yoast.com\/product\/yoast-seo-premium-wordpress\/ -->\n<title>SEO And Local SEO - Expando Digital<\/title>\n<meta name=\"robots\" content=\"index, follow, max-snippet:-1, max-image-preview:large, max-video-preview:-1\" \/>\n<link rel=\"canonical\" href=\"https:\/\/expando.digital\/fr\/seo-and-local-seo\/\" \/>\n<meta property=\"og:locale\" content=\"fr_FR\" \/>\n<meta property=\"og:type\" content=\"article\" \/>\n<meta property=\"og:title\" content=\"SEO And Local SEO\" \/>\n<meta property=\"og:description\" content=\"SEO &amp; Local SEO SEO, or search engine optimization, is the process of optimizing your website to rank higher in [&hellip;]\" \/>\n<meta property=\"og:url\" content=\"https:\/\/expando.digital\/fr\/seo-and-local-seo\/\" \/>\n<meta property=\"og:site_name\" content=\"Expando Digital\" \/>\n<meta property=\"article:modified_time\" content=\"2023-02-27T18:19:19+00:00\" \/>\n<meta property=\"og:image\" content=\"https:\/\/expando.digital\/wp-content\/uploads\/2023\/02\/Learning-amico.png\" \/>\n<meta name=\"twitter:card\" content=\"summary_large_image\" \/>\n<meta name=\"twitter:label1\" content=\"Dur\u00e9e de lecture estim\u00e9e\" \/>\n\t<meta name=\"twitter:data1\" content=\"2 minutes\" \/>\n<script type=\"application\/ld+json\" class=\"yoast-schema-graph\">{\"@context\":\"https:\\\/\\\/schema.org\",\"@graph\":[{\"@type\":\"WebPage\",\"@id\":\"https:\\\/\\\/expando.digital\\\/seo-and-local-seo\\\/\",\"url\":\"https:\\\/\\\/expando.digital\\\/seo-and-local-seo\\\/\",\"name\":\"SEO And Local SEO - Expando Digital\",\"isPartOf\":{\"@id\":\"https:\\\/\\\/expando.digital\\\/#website\"},\"primaryImageOfPage\":{\"@id\":\"https:\\\/\\\/expando.digital\\\/seo-and-local-seo\\\/#primaryimage\"},\"image\":{\"@id\":\"https:\\\/\\\/expando.digital\\\/seo-and-local-seo\\\/#primaryimage\"},\"thumbnailUrl\":\"https:\\\/\\\/expando.digital\\\/wp-content\\\/uploads\\\/2023\\\/02\\\/Learning-amico.png\",\"datePublished\":\"2022-07-14T06:42:38+00:00\",\"dateModified\":\"2023-02-27T18:19:19+00:00\",\"breadcrumb\":{\"@id\":\"https:\\\/\\\/expando.digital\\\/seo-and-local-seo\\\/#breadcrumb\"},\"inLanguage\":\"fr-FR\",\"potentialAction\":[{\"@type\":\"ReadAction\",\"target\":[\"https:\\\/\\\/expando.digital\\\/seo-and-local-seo\\\/\"]}]},{\"@type\":\"ImageObject\",\"inLanguage\":\"fr-FR\",\"@id\":\"https:\\\/\\\/expando.digital\\\/seo-and-local-seo\\\/#primaryimage\",\"url\":\"https:\\\/\\\/expando.digital\\\/wp-content\\\/uploads\\\/2023\\\/02\\\/Learning-amico.png\",\"contentUrl\":\"https:\\\/\\\/expando.digital\\\/wp-content\\\/uploads\\\/2023\\\/02\\\/Learning-amico.png\"},{\"@type\":\"BreadcrumbList\",\"@id\":\"https:\\\/\\\/expando.digital\\\/seo-and-local-seo\\\/#breadcrumb\",\"itemListElement\":[{\"@type\":\"ListItem\",\"position\":1,\"name\":\"Home\",\"item\":\"https:\\\/\\\/expando.digital\\\/\"},{\"@type\":\"ListItem\",\"position\":2,\"name\":\"SEO And Local SEO\"}]},{\"@type\":\"WebSite\",\"@id\":\"https:\\\/\\\/expando.digital\\\/#website\",\"url\":\"https:\\\/\\\/expando.digital\\\/\",\"name\":\"Expando Digital\",\"description\":\"Expando Digital\",\"publisher\":{\"@id\":\"https:\\\/\\\/expando.digital\\\/#organization\"},\"potentialAction\":[{\"@type\":\"SearchAction\",\"target\":{\"@type\":\"EntryPoint\",\"urlTemplate\":\"https:\\\/\\\/expando.digital\\\/?s={search_term_string}\"},\"query-input\":{\"@type\":\"PropertyValueSpecification\",\"valueRequired\":true,\"valueName\":\"search_term_string\"}}],\"inLanguage\":\"fr-FR\"},{\"@type\":\"Organization\",\"@id\":\"https:\\\/\\\/expando.digital\\\/#organization\",\"name\":\"Expando Digital\",\"url\":\"https:\\\/\\\/expando.digital\\\/\",\"logo\":{\"@type\":\"ImageObject\",\"inLanguage\":\"fr-FR\",\"@id\":\"https:\\\/\\\/expando.digital\\\/#\\\/schema\\\/logo\\\/image\\\/\",\"url\":\"https:\\\/\\\/i0.wp.com\\\/expando.digital\\\/wp-content\\\/uploads\\\/2022\\\/05\\\/Untitled-design.png?fit=512%2C512&ssl=1\",\"contentUrl\":\"https:\\\/\\\/i0.wp.com\\\/expando.digital\\\/wp-content\\\/uploads\\\/2022\\\/05\\\/Untitled-design.png?fit=512%2C512&ssl=1\",\"width\":512,\"height\":512,\"caption\":\"Expando Digital\"},\"image\":{\"@id\":\"https:\\\/\\\/expando.digital\\\/#\\\/schema\\\/logo\\\/image\\\/\"}}]}<\/script>\n<!-- \/ Yoast SEO Premium plugin. -->","yoast_head_json":{"title":"SEO et r\u00e9f\u00e9rencement local - Expando Digital","robots":{"index":"index","follow":"follow","max-snippet":"max-snippet:-1","max-image-preview":"max-image-preview:large","max-video-preview":"max-video-preview:-1"},"canonical":"https:\/\/expando.digital\/fr\/seo-and-local-seo\/","og_locale":"fr_FR","og_type":"article","og_title":"SEO And Local SEO","og_description":"SEO &amp; Local SEO SEO, or search engine optimization, is the process of optimizing your website to rank higher in [&hellip;]","og_url":"https:\/\/expando.digital\/fr\/seo-and-local-seo\/","og_site_name":"Expando Digital","article_modified_time":"2023-02-27T18:19:19+00:00","og_image":[{"url":"https:\/\/expando.digital\/wp-content\/uploads\/2023\/02\/Learning-amico.png","type":"","width":"","height":""}],"twitter_card":"summary_large_image","twitter_misc":{"Dur\u00e9e de lecture estim\u00e9e":"2 minutes"},"schema":{"@context":"https:\/\/schema.org","@graph":[{"@type":"WebPage","@id":"https:\/\/expando.digital\/seo-and-local-seo\/","url":"https:\/\/expando.digital\/seo-and-local-seo\/","name":"SEO et r\u00e9f\u00e9rencement local - Expando Digital","isPartOf":{"@id":"https:\/\/expando.digital\/#website"},"primaryImageOfPage":{"@id":"https:\/\/expando.digital\/seo-and-local-seo\/#primaryimage"},"image":{"@id":"https:\/\/expando.digital\/seo-and-local-seo\/#primaryimage"},"thumbnailUrl":"https:\/\/expando.digital\/wp-content\/uploads\/2023\/02\/Learning-amico.png","datePublished":"2022-07-14T06:42:38+00:00","dateModified":"2023-02-27T18:19:19+00:00","breadcrumb":{"@id":"https:\/\/expando.digital\/seo-and-local-seo\/#breadcrumb"},"inLanguage":"fr-FR","potentialAction":[{"@type":"ReadAction","target":["https:\/\/expando.digital\/seo-and-local-seo\/"]}]},{"@type":"ImageObject","inLanguage":"fr-FR","@id":"https:\/\/expando.digital\/seo-and-local-seo\/#primaryimage","url":"https:\/\/expando.digital\/wp-content\/uploads\/2023\/02\/Learning-amico.png","contentUrl":"https:\/\/expando.digital\/wp-content\/uploads\/2023\/02\/Learning-amico.png"},{"@type":"BreadcrumbList","@id":"https:\/\/expando.digital\/seo-and-local-seo\/#breadcrumb","itemListElement":[{"@type":"ListItem","position":1,"name":"Home","item":"https:\/\/expando.digital\/"},{"@type":"ListItem","position":2,"name":"SEO And Local SEO"}]},{"@type":"WebSite","@id":"https:\/\/expando.digital\/#website","url":"https:\/\/expando.digital\/","name":"Expando Digital","description":"Expando Digital","publisher":{"@id":"https:\/\/expando.digital\/#organization"},"potentialAction":[{"@type":"SearchAction","target":{"@type":"EntryPoint","urlTemplate":"https:\/\/expando.digital\/?s={search_term_string}"},"query-input":{"@type":"PropertyValueSpecification","valueRequired":true,"valueName":"search_term_string"}}],"inLanguage":"fr-FR"},{"@type":"Organization","@id":"https:\/\/expando.digital\/#organization","name":"Expando Digital","url":"https:\/\/expando.digital\/","logo":{"@type":"ImageObject","inLanguage":"fr-FR","@id":"https:\/\/expando.digital\/#\/schema\/logo\/image\/","url":"https:\/\/i0.wp.com\/expando.digital\/wp-content\/uploads\/2022\/05\/Untitled-design.png?fit=512%2C512&ssl=1","contentUrl":"https:\/\/i0.wp.com\/expando.digital\/wp-content\/uploads\/2022\/05\/Untitled-design.png?fit=512%2C512&ssl=1","width":512,"height":512,"caption":"Expando Digital"},"image":{"@id":"https:\/\/expando.digital\/#\/schema\/logo\/image\/"}}]}},"jetpack_sharing_enabled":true,"_links":{"self":[{"href":"https:\/\/expando.digital\/fr\/wp-json\/wp\/v2\/pages\/4719","targetHints":{"allow":["GET"]}}],"collection":[{"href":"https:\/\/expando.digital\/fr\/wp-json\/wp\/v2\/pages"}],"about":[{"href":"https:\/\/expando.digital\/fr\/wp-json\/wp\/v2\/types\/page"}],"author":[{"embeddable":true,"href":"https:\/\/expando.digital\/fr\/wp-json\/wp\/v2\/users\/1"}],"replies":[{"embeddable":true,"href":"https:\/\/expando.digital\/fr\/wp-json\/wp\/v2\/comments?post=4719"}],"version-history":[{"count":128,"href":"https:\/\/expando.digital\/fr\/wp-json\/wp\/v2\/pages\/4719\/revisions"}],"predecessor-version":[{"id":7237,"href":"https:\/\/expando.digital\/fr\/wp-json\/wp\/v2\/pages\/4719\/revisions\/7237"}],"wp:attachment":[{"href":"https:\/\/expando.digital\/fr\/wp-json\/wp\/v2\/media?parent=4719"}],"curies":[{"name":"wp","href":"https:\/\/api.w.org\/{rel}","templated":true}]}}