{"id":5677,"date":"2022-09-17T08:31:47","date_gmt":"2022-09-17T08:31:47","guid":{"rendered":"https:\/\/maskdesk.info\/ed\/?page_id=5677"},"modified":"2023-03-10T22:36:36","modified_gmt":"2023-03-10T22:36:36","slug":"partnership-and-career","status":"publish","type":"page","link":"https:\/\/expando.digital\/fr\/partnership-and-career\/","title":{"rendered":"Partenariat et carri\u00e8re"},"content":{"rendered":"<body>\t\t<div data-elementor-type=\"wp-page\" data-elementor-id=\"5677\" class=\"elementor elementor-5677\" data-elementor-post-type=\"page\">\n\t\t\t\t\t\t<section class=\"elementor-section elementor-top-section elementor-element elementor-element-a5f5651 elementor-section-content-middle needs_mobiles_section_audit elementor-section-boxed elementor-section-height-default elementor-section-height-default\" data-id=\"a5f5651\" data-element_type=\"section\" data-e-type=\"section\" data-settings='{\"background_background\":\"classic\"}'>\n\t\t\t\t\t\t<div class=\"elementor-container elementor-column-gap-default\">\n\t\t\t\t\t<div class=\"elementor-column elementor-col-50 elementor-top-column elementor-element elementor-element-b3a9802\" data-id=\"b3a9802\" data-element_type=\"column\" data-e-type=\"column\">\n\t\t\t<div class=\"elementor-widget-wrap elementor-element-populated\">\n\t\t\t\t\t\t<div class=\"elementor-element elementor-element-0bca6da elementor-widget elementor-widget-axil-title\" data-id=\"0bca6da\" data-element_type=\"widget\" data-e-type=\"widget\" data-widget_type=\"axil-title.default\">\n\t\t\t\t<div class=\"elementor-widget-container\">\n\t\t\t\t\t     <div class=\"section-heading heading-dark heading-dark-left\">            \r\n         \r\n                                    <h1 class=\"title\">\r\n                    Partenariat et carri\u00e8re                <\/h1> \r\n                         \r\n                            <p>Nous nous sommes toujours concentr\u00e9s sur le d\u00e9veloppement de partenariats mutuellement b\u00e9n\u00e9fiques avec d\u2019autres agences et ind\u00e9pendants. Nous aimons aider les entreprises \u00e0 se d\u00e9velopper et \u00e0 se d\u00e9velopper, mais parfois, soit nous n&#039;offrons pas le service que nos clients recherchent, soit nous ne sommes pas la meilleure personne pour un projet sp\u00e9cifique.\u00a0\n<br><br>\nEsp\u00e9rons que nous puissions offrir \u00e0 nos clients diverses solutions gr\u00e2ce \u00e0 notre r\u00e9seau de partenaires de confiance.\n<br><br>\nNous sommes fiers de soutenir nos partenaires et de nous concentrer sur la cr\u00e9ation de relations \u00e0 long terme. Pourquoi donner une piste \u00e0 quelqu&#039;un une seule fois alors que les deux parties peuvent se r\u00e9f\u00e9rer des affaires pendant des ann\u00e9es\u00a0? En plus des r\u00e9f\u00e9rences directes de clients, Expando fait la promotion de nos partenaires via des collaborations de contenu sur notre blog.\n<br><br>\n\nNous nous concentrons sur le marketing num\u00e9rique et sommes conscients qu\u2019il s\u2019agit d\u2019un domaine difficile. Nous serions donc ravis de discuter avec vous si vous recherchez un partenaire \u00e9prouv\u00e9 et \u00e0 long terme pour vous aider \u00e0 \u00e9largir votre offre client. Ou, si vous pensez que votre agence pourrait \u00eatre un partenaire b\u00e9n\u00e9fique pour Expando, nous aimerions savoir pourquoi vous pensez qu&#039;Expando serait un bon choix.\n\n<br><br>\n<b> Si vous recherchez une discussion avec nous, nous serons heureux d\u2019en apprendre davantage sur votre entreprise pour voir o\u00f9 nous pouvons collaborer. <\/b><\/p>\r\n            <\/div> \r\n   \t\t\t\t<\/div>\n\t\t\t\t<\/div>\n\t\t\t\t\t<\/div>\n\t\t<\/div>\n\t\t\t\t<div class=\"elementor-column elementor-col-50 elementor-top-column elementor-element elementor-element-0987383\" data-id=\"0987383\" data-element_type=\"column\" data-e-type=\"column\">\n\t\t\t<div class=\"elementor-widget-wrap elementor-element-populated\">\n\t\t\t\t\t\t<div class=\"elementor-element elementor-element-d884e67 elementor-widget elementor-widget-image\" data-id=\"d884e67\" data-element_type=\"widget\" data-e-type=\"widget\" data-widget_type=\"image.default\">\n\t\t\t\t<div class=\"elementor-widget-container\">\n\t\t\t\t\t\t\t\t\t\t\t\t\t\t\t<img loading=\"lazy\" decoding=\"async\" width=\"640\" height=\"640\" src=\"https:\/\/i0.wp.com\/expando.digital\/wp-content\/uploads\/2023\/03\/12345.webp?fit=640%2C640&amp;ssl=1\" class=\"attachment-large size-large wp-image-7392\" alt=\"\" srcset=\"https:\/\/i0.wp.com\/expando.digital\/wp-content\/uploads\/2023\/03\/12345.webp?w=800&amp;ssl=1 800w, https:\/\/i0.wp.com\/expando.digital\/wp-content\/uploads\/2023\/03\/12345.webp?resize=300%2C300&amp;ssl=1 300w, https:\/\/i0.wp.com\/expando.digital\/wp-content\/uploads\/2023\/03\/12345.webp?resize=150%2C150&amp;ssl=1 150w, https:\/\/i0.wp.com\/expando.digital\/wp-content\/uploads\/2023\/03\/12345.webp?resize=768%2C768&amp;ssl=1 768w, https:\/\/i0.wp.com\/expando.digital\/wp-content\/uploads\/2023\/03\/12345.webp?resize=12%2C12&amp;ssl=1 12w, https:\/\/i0.wp.com\/expando.digital\/wp-content\/uploads\/2023\/03\/12345.webp?resize=330%2C330&amp;ssl=1 330w, https:\/\/i0.wp.com\/expando.digital\/wp-content\/uploads\/2023\/03\/12345.webp?resize=180%2C180&amp;ssl=1 180w, https:\/\/i0.wp.com\/expando.digital\/wp-content\/uploads\/2023\/03\/12345.webp?resize=128%2C128&amp;ssl=1 128w, https:\/\/i0.wp.com\/expando.digital\/wp-content\/uploads\/2023\/03\/12345.webp?resize=600%2C600&amp;ssl=1 600w, https:\/\/i0.wp.com\/expando.digital\/wp-content\/uploads\/2023\/03\/12345.webp?resize=100%2C100&amp;ssl=1 100w\" sizes=\"auto, (max-width: 640px) 100vw, 640px\">\t\t\t\t\t\t\t\t\t\t\t\t\t\t\t<\/div>\n\t\t\t\t<\/div>\n\t\t\t\t\t<\/div>\n\t\t<\/div>\n\t\t\t\t\t<\/div>\n\t\t<\/section>\n\t\t\t\t<section class=\"elementor-section elementor-top-section elementor-element elementor-element-897a899 elementor-section-boxed elementor-section-height-default elementor-section-height-default\" data-id=\"897a899\" data-element_type=\"section\" data-e-type=\"section\">\n\t\t\t\t\t\t<div class=\"elementor-container elementor-column-gap-default\">\n\t\t\t\t\t<div class=\"elementor-column elementor-col-50 elementor-top-column elementor-element elementor-element-7c457ce\" data-id=\"7c457ce\" data-element_type=\"column\" data-e-type=\"column\">\n\t\t\t<div class=\"elementor-widget-wrap elementor-element-populated\">\n\t\t\t\t\t\t<div class=\"elementor-element elementor-element-620ae2a elementor-widget elementor-widget-image\" data-id=\"620ae2a\" data-element_type=\"widget\" data-e-type=\"widget\" data-widget_type=\"image.default\">\n\t\t\t\t<div class=\"elementor-widget-container\">\n\t\t\t\t\t\t\t\t\t\t\t\t\t\t\t<img loading=\"lazy\" decoding=\"async\" width=\"640\" height=\"640\" src=\"https:\/\/i0.wp.com\/expando.digital\/wp-content\/uploads\/2023\/03\/2.webp?fit=640%2C640&amp;ssl=1\" class=\"attachment-large size-large wp-image-7394\" alt=\"\" srcset=\"https:\/\/i0.wp.com\/expando.digital\/wp-content\/uploads\/2023\/03\/2.webp?w=800&amp;ssl=1 800w, https:\/\/i0.wp.com\/expando.digital\/wp-content\/uploads\/2023\/03\/2.webp?resize=300%2C300&amp;ssl=1 300w, https:\/\/i0.wp.com\/expando.digital\/wp-content\/uploads\/2023\/03\/2.webp?resize=150%2C150&amp;ssl=1 150w, https:\/\/i0.wp.com\/expando.digital\/wp-content\/uploads\/2023\/03\/2.webp?resize=768%2C768&amp;ssl=1 768w, https:\/\/i0.wp.com\/expando.digital\/wp-content\/uploads\/2023\/03\/2.webp?resize=12%2C12&amp;ssl=1 12w, https:\/\/i0.wp.com\/expando.digital\/wp-content\/uploads\/2023\/03\/2.webp?resize=330%2C330&amp;ssl=1 330w, https:\/\/i0.wp.com\/expando.digital\/wp-content\/uploads\/2023\/03\/2.webp?resize=180%2C180&amp;ssl=1 180w, https:\/\/i0.wp.com\/expando.digital\/wp-content\/uploads\/2023\/03\/2.webp?resize=128%2C128&amp;ssl=1 128w, https:\/\/i0.wp.com\/expando.digital\/wp-content\/uploads\/2023\/03\/2.webp?resize=600%2C600&amp;ssl=1 600w, https:\/\/i0.wp.com\/expando.digital\/wp-content\/uploads\/2023\/03\/2.webp?resize=100%2C100&amp;ssl=1 100w\" sizes=\"auto, (max-width: 640px) 100vw, 640px\">\t\t\t\t\t\t\t\t\t\t\t\t\t\t\t<\/div>\n\t\t\t\t<\/div>\n\t\t\t\t\t<\/div>\n\t\t<\/div>\n\t\t\t\t<div class=\"elementor-column elementor-col-50 elementor-top-column elementor-element elementor-element-81b7ae7\" data-id=\"81b7ae7\" data-element_type=\"column\" data-e-type=\"column\">\n\t\t\t<div class=\"elementor-widget-wrap elementor-element-populated\">\n\t\t\t\t\t\t<div class=\"elementor-element elementor-element-dba0084 elementor-widget elementor-widget-axil-title\" data-id=\"dba0084\" data-element_type=\"widget\" data-e-type=\"widget\" data-widget_type=\"axil-title.default\">\n\t\t\t\t<div class=\"elementor-widget-container\">\n\t\t\t\t\t     <div class=\"section-heading heading-dark heading-dark-left\">            \r\n         \r\n                                    <h2 class=\"title\">\r\n                    Carri\u00e8re                <\/h2> \r\n                         \r\n                            <p>N&#039;h\u00e9sitez pas \u00e0 nous envoyer votre CV et lettre de motivation et dites-nous ce que vous pensez pouvoir ajouter \u00e0 la satisfaction de nos clients et de l&#039;\u00e9quipe :\u00a0\n<br><br>\nSi vous trouvez dans votre profil une qualification qui correspond \u00e0 ce qu&#039;Expando propose \u00e0 ses clients. Si vous trouvez que vous partagez notre amour avec nos clients. Si cela vous rend heureux de diffuser le succ\u00e8s et de d\u00e9velopper des entreprises, des PME et des projets.<\/p>\r\n            <\/div> \r\n   \t\t\t\t<\/div>\n\t\t\t\t<\/div>\n\t\t\t\t\t<\/div>\n\t\t<\/div>\n\t\t\t\t\t<\/div>\n\t\t<\/section>\n\t\t\t\t<section class=\"elementor-section elementor-top-section elementor-element elementor-element-5047047 elementor-section-content-middle needs_mobiles_section_audit elementor-section-boxed elementor-section-height-default elementor-section-height-default\" data-id=\"5047047\" data-element_type=\"section\" data-e-type=\"section\" data-settings='{\"background_background\":\"classic\"}'>\n\t\t\t\t\t\t<div class=\"elementor-container elementor-column-gap-default\">\n\t\t\t\t\t<div class=\"elementor-column elementor-col-100 elementor-top-column elementor-element elementor-element-93282bd\" data-id=\"93282bd\" data-element_type=\"column\" data-e-type=\"column\">\n\t\t\t<div class=\"elementor-widget-wrap elementor-element-populated\">\n\t\t\t\t\t\t<div class=\"elementor-element elementor-element-6876695 elementor-widget elementor-widget-heading\" data-id=\"6876695\" data-element_type=\"widget\" data-e-type=\"widget\" data-widget_type=\"heading.default\">\n\t\t\t\t<div class=\"elementor-widget-container\">\n\t\t\t\t\t<h2 class=\"elementor-heading-title elementor-size-default\">Pr\u00eat pour la prochaine \u00e9tape?\n<\/h2>\t\t\t\t<\/div>\n\t\t\t\t<\/div>\n\t\t\t\t\t<\/div>\n\t\t<\/div>\n\t\t\t\t\t<\/div>\n\t\t<\/section>\n\t\t\t\t<\/div>\n\t\t<\/body>","protected":false},"excerpt":{"rendered":"<p>Partnership and carrer We have always focused on growing mutually-beneficial partnerships with other agencies and freelancers. We love helping businesses [&hellip;]<\/p>\n","protected":false},"author":1,"featured_media":0,"parent":0,"menu_order":0,"comment_status":"closed","ping_status":"closed","template":"elementor_header_footer","meta":{"om_disable_all_campaigns":false,"pmpro_default_level":"","footnotes":""},"class_list":["post-5677","page","type-page","status-publish","hentry","pmpro-has-access"],"acf":[],"yoast_head":"<!-- This site is optimized with the Yoast SEO Premium plugin v20.1 (Yoast SEO v27.5) - https:\/\/yoast.com\/product\/yoast-seo-premium-wordpress\/ -->\n<title>Partnership And Career - Expando Digital<\/title>\n<meta name=\"robots\" content=\"index, follow, max-snippet:-1, max-image-preview:large, max-video-preview:-1\" \/>\n<link rel=\"canonical\" href=\"https:\/\/expando.digital\/fr\/partnership-and-career\/\" \/>\n<meta property=\"og:locale\" content=\"fr_FR\" \/>\n<meta property=\"og:type\" content=\"article\" \/>\n<meta property=\"og:title\" content=\"Partnership And Career\" \/>\n<meta property=\"og:description\" content=\"Partnership and carrer We have always focused on growing mutually-beneficial partnerships with other agencies and freelancers. We love helping businesses [&hellip;]\" \/>\n<meta property=\"og:url\" content=\"https:\/\/expando.digital\/fr\/partnership-and-career\/\" \/>\n<meta property=\"og:site_name\" content=\"Expando Digital\" \/>\n<meta property=\"article:modified_time\" content=\"2023-03-10T22:36:36+00:00\" \/>\n<meta property=\"og:image\" content=\"https:\/\/expando.digital\/wp-content\/uploads\/2023\/03\/12345.webp\" \/>\n<meta name=\"twitter:card\" content=\"summary_large_image\" \/>\n<meta name=\"twitter:label1\" content=\"Dur\u00e9e de lecture estim\u00e9e\" \/>\n\t<meta name=\"twitter:data1\" content=\"2 minutes\" \/>\n<script type=\"application\/ld+json\" class=\"yoast-schema-graph\">{\"@context\":\"https:\\\/\\\/schema.org\",\"@graph\":[{\"@type\":\"WebPage\",\"@id\":\"https:\\\/\\\/expando.digital\\\/partnership-and-career\\\/\",\"url\":\"https:\\\/\\\/expando.digital\\\/partnership-and-career\\\/\",\"name\":\"Partnership And Career - Expando Digital\",\"isPartOf\":{\"@id\":\"https:\\\/\\\/expando.digital\\\/#website\"},\"primaryImageOfPage\":{\"@id\":\"https:\\\/\\\/expando.digital\\\/partnership-and-career\\\/#primaryimage\"},\"image\":{\"@id\":\"https:\\\/\\\/expando.digital\\\/partnership-and-career\\\/#primaryimage\"},\"thumbnailUrl\":\"https:\\\/\\\/expando.digital\\\/wp-content\\\/uploads\\\/2023\\\/03\\\/12345.webp\",\"datePublished\":\"2022-09-17T08:31:47+00:00\",\"dateModified\":\"2023-03-10T22:36:36+00:00\",\"breadcrumb\":{\"@id\":\"https:\\\/\\\/expando.digital\\\/partnership-and-career\\\/#breadcrumb\"},\"inLanguage\":\"fr-FR\",\"potentialAction\":[{\"@type\":\"ReadAction\",\"target\":[\"https:\\\/\\\/expando.digital\\\/partnership-and-career\\\/\"]}]},{\"@type\":\"ImageObject\",\"inLanguage\":\"fr-FR\",\"@id\":\"https:\\\/\\\/expando.digital\\\/partnership-and-career\\\/#primaryimage\",\"url\":\"https:\\\/\\\/expando.digital\\\/wp-content\\\/uploads\\\/2023\\\/03\\\/12345.webp\",\"contentUrl\":\"https:\\\/\\\/expando.digital\\\/wp-content\\\/uploads\\\/2023\\\/03\\\/12345.webp\"},{\"@type\":\"BreadcrumbList\",\"@id\":\"https:\\\/\\\/expando.digital\\\/partnership-and-career\\\/#breadcrumb\",\"itemListElement\":[{\"@type\":\"ListItem\",\"position\":1,\"name\":\"Home\",\"item\":\"https:\\\/\\\/expando.digital\\\/\"},{\"@type\":\"ListItem\",\"position\":2,\"name\":\"Partnership And Career\"}]},{\"@type\":\"WebSite\",\"@id\":\"https:\\\/\\\/expando.digital\\\/#website\",\"url\":\"https:\\\/\\\/expando.digital\\\/\",\"name\":\"Expando Digital\",\"description\":\"Expando Digital\",\"publisher\":{\"@id\":\"https:\\\/\\\/expando.digital\\\/#organization\"},\"potentialAction\":[{\"@type\":\"SearchAction\",\"target\":{\"@type\":\"EntryPoint\",\"urlTemplate\":\"https:\\\/\\\/expando.digital\\\/?s={search_term_string}\"},\"query-input\":{\"@type\":\"PropertyValueSpecification\",\"valueRequired\":true,\"valueName\":\"search_term_string\"}}],\"inLanguage\":\"fr-FR\"},{\"@type\":\"Organization\",\"@id\":\"https:\\\/\\\/expando.digital\\\/#organization\",\"name\":\"Expando Digital\",\"url\":\"https:\\\/\\\/expando.digital\\\/\",\"logo\":{\"@type\":\"ImageObject\",\"inLanguage\":\"fr-FR\",\"@id\":\"https:\\\/\\\/expando.digital\\\/#\\\/schema\\\/logo\\\/image\\\/\",\"url\":\"https:\\\/\\\/i0.wp.com\\\/expando.digital\\\/wp-content\\\/uploads\\\/2022\\\/05\\\/Untitled-design.png?fit=512%2C512&ssl=1\",\"contentUrl\":\"https:\\\/\\\/i0.wp.com\\\/expando.digital\\\/wp-content\\\/uploads\\\/2022\\\/05\\\/Untitled-design.png?fit=512%2C512&ssl=1\",\"width\":512,\"height\":512,\"caption\":\"Expando Digital\"},\"image\":{\"@id\":\"https:\\\/\\\/expando.digital\\\/#\\\/schema\\\/logo\\\/image\\\/\"}}]}<\/script>\n<!-- \/ Yoast SEO Premium plugin. -->","yoast_head_json":{"title":"Partenariat et carri\u00e8re - Expando Digital","robots":{"index":"index","follow":"follow","max-snippet":"max-snippet:-1","max-image-preview":"max-image-preview:large","max-video-preview":"max-video-preview:-1"},"canonical":"https:\/\/expando.digital\/fr\/partnership-and-career\/","og_locale":"fr_FR","og_type":"article","og_title":"Partnership And Career","og_description":"Partnership and carrer We have always focused on growing mutually-beneficial partnerships with other agencies and freelancers. We love helping businesses [&hellip;]","og_url":"https:\/\/expando.digital\/fr\/partnership-and-career\/","og_site_name":"Expando Digital","article_modified_time":"2023-03-10T22:36:36+00:00","og_image":[{"url":"https:\/\/expando.digital\/wp-content\/uploads\/2023\/03\/12345.webp","type":"","width":"","height":""}],"twitter_card":"summary_large_image","twitter_misc":{"Dur\u00e9e de lecture estim\u00e9e":"2 minutes"},"schema":{"@context":"https:\/\/schema.org","@graph":[{"@type":"WebPage","@id":"https:\/\/expando.digital\/partnership-and-career\/","url":"https:\/\/expando.digital\/partnership-and-career\/","name":"Partenariat et carri\u00e8re - Expando Digital","isPartOf":{"@id":"https:\/\/expando.digital\/#website"},"primaryImageOfPage":{"@id":"https:\/\/expando.digital\/partnership-and-career\/#primaryimage"},"image":{"@id":"https:\/\/expando.digital\/partnership-and-career\/#primaryimage"},"thumbnailUrl":"https:\/\/expando.digital\/wp-content\/uploads\/2023\/03\/12345.webp","datePublished":"2022-09-17T08:31:47+00:00","dateModified":"2023-03-10T22:36:36+00:00","breadcrumb":{"@id":"https:\/\/expando.digital\/partnership-and-career\/#breadcrumb"},"inLanguage":"fr-FR","potentialAction":[{"@type":"ReadAction","target":["https:\/\/expando.digital\/partnership-and-career\/"]}]},{"@type":"ImageObject","inLanguage":"fr-FR","@id":"https:\/\/expando.digital\/partnership-and-career\/#primaryimage","url":"https:\/\/expando.digital\/wp-content\/uploads\/2023\/03\/12345.webp","contentUrl":"https:\/\/expando.digital\/wp-content\/uploads\/2023\/03\/12345.webp"},{"@type":"BreadcrumbList","@id":"https:\/\/expando.digital\/partnership-and-career\/#breadcrumb","itemListElement":[{"@type":"ListItem","position":1,"name":"Home","item":"https:\/\/expando.digital\/"},{"@type":"ListItem","position":2,"name":"Partnership And Career"}]},{"@type":"WebSite","@id":"https:\/\/expando.digital\/#website","url":"https:\/\/expando.digital\/","name":"Expando Digital","description":"Expando Digital","publisher":{"@id":"https:\/\/expando.digital\/#organization"},"potentialAction":[{"@type":"SearchAction","target":{"@type":"EntryPoint","urlTemplate":"https:\/\/expando.digital\/?s={search_term_string}"},"query-input":{"@type":"PropertyValueSpecification","valueRequired":true,"valueName":"search_term_string"}}],"inLanguage":"fr-FR"},{"@type":"Organization","@id":"https:\/\/expando.digital\/#organization","name":"Expando Digital","url":"https:\/\/expando.digital\/","logo":{"@type":"ImageObject","inLanguage":"fr-FR","@id":"https:\/\/expando.digital\/#\/schema\/logo\/image\/","url":"https:\/\/i0.wp.com\/expando.digital\/wp-content\/uploads\/2022\/05\/Untitled-design.png?fit=512%2C512&ssl=1","contentUrl":"https:\/\/i0.wp.com\/expando.digital\/wp-content\/uploads\/2022\/05\/Untitled-design.png?fit=512%2C512&ssl=1","width":512,"height":512,"caption":"Expando Digital"},"image":{"@id":"https:\/\/expando.digital\/#\/schema\/logo\/image\/"}}]}},"jetpack_sharing_enabled":true,"_links":{"self":[{"href":"https:\/\/expando.digital\/fr\/wp-json\/wp\/v2\/pages\/5677","targetHints":{"allow":["GET"]}}],"collection":[{"href":"https:\/\/expando.digital\/fr\/wp-json\/wp\/v2\/pages"}],"about":[{"href":"https:\/\/expando.digital\/fr\/wp-json\/wp\/v2\/types\/page"}],"author":[{"embeddable":true,"href":"https:\/\/expando.digital\/fr\/wp-json\/wp\/v2\/users\/1"}],"replies":[{"embeddable":true,"href":"https:\/\/expando.digital\/fr\/wp-json\/wp\/v2\/comments?post=5677"}],"version-history":[{"count":56,"href":"https:\/\/expando.digital\/fr\/wp-json\/wp\/v2\/pages\/5677\/revisions"}],"predecessor-version":[{"id":7424,"href":"https:\/\/expando.digital\/fr\/wp-json\/wp\/v2\/pages\/5677\/revisions\/7424"}],"wp:attachment":[{"href":"https:\/\/expando.digital\/fr\/wp-json\/wp\/v2\/media?parent=5677"}],"curies":[{"name":"wp","href":"https:\/\/api.w.org\/{rel}","templated":true}]}}