{"id":6318,"date":"2022-11-24T10:37:23","date_gmt":"2022-11-24T10:37:23","guid":{"rendered":"https:\/\/expando.digital\/?page_id=6318"},"modified":"2023-03-10T20:42:14","modified_gmt":"2023-03-10T20:42:14","slug":"expand-to-mena","status":"publish","type":"page","link":"https:\/\/expando.digital\/fr\/expand-to-mena\/","title":{"rendered":"\u00c9tendre \u00e0 la r\u00e9gion MENA"},"content":{"rendered":"<body>\t\t<div data-elementor-type=\"wp-page\" data-elementor-id=\"6318\" class=\"elementor elementor-6318\" data-elementor-post-type=\"page\">\n\t\t\t\t\t\t<section class=\"elementor-section elementor-top-section elementor-element elementor-element-910de3f elementor-section-content-middle needs_mobiles_section_audit elementor-section-boxed elementor-section-height-default elementor-section-height-default\" data-id=\"910de3f\" data-element_type=\"section\" data-e-type=\"section\" data-settings='{\"background_background\":\"classic\"}'>\n\t\t\t\t\t\t<div class=\"elementor-container elementor-column-gap-default\">\n\t\t\t\t\t<div class=\"elementor-column elementor-col-50 elementor-top-column elementor-element elementor-element-089f07c animated-slow elementor-invisible\" data-id=\"089f07c\" data-element_type=\"column\" data-e-type=\"column\" data-settings='{\"animation\":\"fadeInLeft\",\"animation_delay\":4}'>\n\t\t\t<div class=\"elementor-widget-wrap elementor-element-populated\">\n\t\t\t\t\t\t<div class=\"elementor-element elementor-element-7e7eebc elementor-widget elementor-widget-axil-title\" data-id=\"7e7eebc\" data-element_type=\"widget\" data-e-type=\"widget\" data-widget_type=\"axil-title.default\">\n\t\t\t\t<div class=\"elementor-widget-container\">\n\t\t\t\t\t     <div class=\"section-heading heading-dark heading-dark-left\">            \r\n         \r\n                                    <h2 class=\"title\">\r\n                    Vous souhaitez vous d\u00e9velopper dans la r\u00e9gion MENA ?                <\/h2> \r\n                         \r\n                            <p>Travailler avec la r\u00e9gion MENA n\u2019est pas un processus simple ; comme nous avons des relations, des partenaires et des clients dans la r\u00e9gion, nous pouvons vous aider \u00e0 profiter de nouvelles opportunit\u00e9s et vous aider \u00e0 y d\u00e9velopper votre travail.\n<br> <br>\n \nNous pouvons vous aider \u00e0 d\u00e9velopper votre site Web et vos services en arabe, ainsi qu&#039;\u00e0 cr\u00e9er votre strat\u00e9gie de marketing num\u00e9rique et de r\u00e9f\u00e9rencement MENA et \u00e0 vous pr\u00e9senter les bonnes organisations et communaut\u00e9s. Waref, notre gestionnaire de contenu vid\u00e9o a d\u00e9j\u00e0 r\u00e9alis\u00e9 de nombreux films dans et pour la r\u00e9gion MENA.\n\n<\/p>\r\n            <\/div> \r\n   \t\t\t\t<\/div>\n\t\t\t\t<\/div>\n\t\t\t\t<div class=\"elementor-element elementor-element-ea8dfd3 button_style_sec elementor-widget elementor-widget-button\" data-id=\"ea8dfd3\" data-element_type=\"widget\" data-e-type=\"widget\" data-widget_type=\"button.default\">\n\t\t\t\t<div class=\"elementor-widget-container\">\n\t\t\t\t\t\t\t\t\t<div class=\"elementor-button-wrapper\">\n\t\t\t\t\t<a class=\"elementor-button elementor-button-link elementor-size-sm\" href=\"#contact\">\n\t\t\t\t\t\t<span class=\"elementor-button-content-wrapper\">\n\t\t\t\t\t\t\t\t\t<span class=\"elementor-button-text\">Contactez-nous<\/span>\n\t\t\t\t\t<\/span>\n\t\t\t\t\t<\/a>\n\t\t\t\t<\/div>\n\t\t\t\t\t\t\t\t<\/div>\n\t\t\t\t<\/div>\n\t\t\t\t\t<\/div>\n\t\t<\/div>\n\t\t\t\t<div class=\"elementor-column elementor-col-50 elementor-top-column elementor-element elementor-element-28c5277\" data-id=\"28c5277\" data-element_type=\"column\" data-e-type=\"column\">\n\t\t\t<div class=\"elementor-widget-wrap elementor-element-populated\">\n\t\t\t\t\t\t<div class=\"elementor-element elementor-element-12f495a animated-slow elementor-invisible elementor-widget elementor-widget-image\" data-id=\"12f495a\" data-element_type=\"widget\" data-e-type=\"widget\" data-settings='{\"_animation\":\"fadeInRight\",\"_animation_delay\":4}' data-widget_type=\"image.default\">\n\t\t\t\t<div class=\"elementor-widget-container\">\n\t\t\t\t\t\t\t\t\t\t\t\t\t\t\t<img loading=\"lazy\" decoding=\"async\" width=\"2000\" height=\"2000\" src=\"https:\/\/i0.wp.com\/expando.digital\/wp-content\/uploads\/2023\/02\/Visual-data-pana.webp?fit=2000%2C2000&amp;ssl=1\" class=\"attachment-full size-full wp-image-7104\" alt=\"\" srcset=\"https:\/\/i0.wp.com\/expando.digital\/wp-content\/uploads\/2023\/02\/Visual-data-pana.webp?w=2000&amp;ssl=1 2000w, https:\/\/i0.wp.com\/expando.digital\/wp-content\/uploads\/2023\/02\/Visual-data-pana.webp?resize=300%2C300&amp;ssl=1 300w, https:\/\/i0.wp.com\/expando.digital\/wp-content\/uploads\/2023\/02\/Visual-data-pana.webp?resize=1024%2C1024&amp;ssl=1 1024w, https:\/\/i0.wp.com\/expando.digital\/wp-content\/uploads\/2023\/02\/Visual-data-pana.webp?resize=150%2C150&amp;ssl=1 150w, https:\/\/i0.wp.com\/expando.digital\/wp-content\/uploads\/2023\/02\/Visual-data-pana.webp?resize=768%2C768&amp;ssl=1 768w, https:\/\/i0.wp.com\/expando.digital\/wp-content\/uploads\/2023\/02\/Visual-data-pana.webp?resize=1536%2C1536&amp;ssl=1 1536w, https:\/\/i0.wp.com\/expando.digital\/wp-content\/uploads\/2023\/02\/Visual-data-pana.webp?resize=330%2C330&amp;ssl=1 330w, https:\/\/i0.wp.com\/expando.digital\/wp-content\/uploads\/2023\/02\/Visual-data-pana.webp?resize=180%2C180&amp;ssl=1 180w, https:\/\/i0.wp.com\/expando.digital\/wp-content\/uploads\/2023\/02\/Visual-data-pana.webp?resize=128%2C128&amp;ssl=1 128w, https:\/\/i0.wp.com\/expando.digital\/wp-content\/uploads\/2023\/02\/Visual-data-pana.webp?resize=600%2C600&amp;ssl=1 600w, https:\/\/i0.wp.com\/expando.digital\/wp-content\/uploads\/2023\/02\/Visual-data-pana.webp?resize=100%2C100&amp;ssl=1 100w, https:\/\/i0.wp.com\/expando.digital\/wp-content\/uploads\/2023\/02\/Visual-data-pana.webp?w=1280&amp;ssl=1 1280w, https:\/\/i0.wp.com\/expando.digital\/wp-content\/uploads\/2023\/02\/Visual-data-pana.webp?w=1920&amp;ssl=1 1920w\" sizes=\"auto, (max-width: 640px) 100vw, 640px\">\t\t\t\t\t\t\t\t\t\t\t\t\t\t\t<\/div>\n\t\t\t\t<\/div>\n\t\t\t\t\t<\/div>\n\t\t<\/div>\n\t\t\t\t\t<\/div>\n\t\t<\/section>\n\t\t\t\t<section class=\"elementor-section elementor-top-section elementor-element elementor-element-2432061c elementor-section-boxed elementor-section-height-default elementor-section-height-default\" data-id=\"2432061c\" data-element_type=\"section\" data-e-type=\"section\" data-settings='{\"background_background\":\"classic\"}'>\n\t\t\t\t\t\t<div class=\"elementor-container elementor-column-gap-default\">\n\t\t\t\t\t<div class=\"elementor-column elementor-col-50 elementor-top-column elementor-element elementor-element-3ed2853c\" data-id=\"3ed2853c\" data-element_type=\"column\" data-e-type=\"column\">\n\t\t\t<div class=\"elementor-widget-wrap elementor-element-populated\">\n\t\t\t\t\t\t<div class=\"elementor-element elementor-element-d0533ce elementor-widget elementor-widget-image\" data-id=\"d0533ce\" data-element_type=\"widget\" data-e-type=\"widget\" data-widget_type=\"image.default\">\n\t\t\t\t<div class=\"elementor-widget-container\">\n\t\t\t\t\t\t\t\t\t\t\t\t\t\t\t<img loading=\"lazy\" decoding=\"async\" width=\"512\" height=\"512\" src=\"https:\/\/i0.wp.com\/expando.digital\/wp-content\/uploads\/2022\/11\/burj-al-arab.png?fit=512%2C512&amp;ssl=1\" class=\"attachment-large size-large wp-image-5872\" alt=\"burj-al-arab\" srcset=\"https:\/\/i0.wp.com\/expando.digital\/wp-content\/uploads\/2022\/11\/burj-al-arab.png?w=512&amp;ssl=1 512w, https:\/\/i0.wp.com\/expando.digital\/wp-content\/uploads\/2022\/11\/burj-al-arab.png?resize=300%2C300&amp;ssl=1 300w, https:\/\/i0.wp.com\/expando.digital\/wp-content\/uploads\/2022\/11\/burj-al-arab.png?resize=150%2C150&amp;ssl=1 150w, https:\/\/i0.wp.com\/expando.digital\/wp-content\/uploads\/2022\/11\/burj-al-arab.png?resize=12%2C12&amp;ssl=1 12w, https:\/\/i0.wp.com\/expando.digital\/wp-content\/uploads\/2022\/11\/burj-al-arab.png?resize=330%2C330&amp;ssl=1 330w, https:\/\/i0.wp.com\/expando.digital\/wp-content\/uploads\/2022\/11\/burj-al-arab.png?resize=180%2C180&amp;ssl=1 180w, https:\/\/i0.wp.com\/expando.digital\/wp-content\/uploads\/2022\/11\/burj-al-arab.png?resize=128%2C128&amp;ssl=1 128w, https:\/\/i0.wp.com\/expando.digital\/wp-content\/uploads\/2022\/11\/burj-al-arab.png?resize=100%2C100&amp;ssl=1 100w\" sizes=\"auto, (max-width: 512px) 100vw, 512px\">\t\t\t\t\t\t\t\t\t\t\t\t\t\t\t<\/div>\n\t\t\t\t<\/div>\n\t\t\t\t\t<\/div>\n\t\t<\/div>\n\t\t\t\t<div class=\"elementor-column elementor-col-50 elementor-top-column elementor-element elementor-element-2afd96c9\" data-id=\"2afd96c9\" data-element_type=\"column\" data-e-type=\"column\">\n\t\t\t<div class=\"elementor-widget-wrap elementor-element-populated\">\n\t\t\t\t\t\t<div class=\"elementor-element elementor-element-7ce3ab2a elementor-widget elementor-widget-axil-title\" data-id=\"7ce3ab2a\" data-element_type=\"widget\" data-e-type=\"widget\" data-widget_type=\"axil-title.default\">\n\t\t\t\t<div class=\"elementor-widget-container\">\n\t\t\t\t\t     <div class=\"section-heading heading-dark heading-dark-left\">            \r\n         \r\n                                    <h2 class=\"title\">\r\n                    Pr\u00eat pour la prochaine \u00e9tape?                <\/h2> \r\n                         \r\n                            <p>Si vous souhaitez vous d\u00e9velopper dans la r\u00e9gion MENA, vous \u00eates au bon endroit\u00a0; Parlons de la fa\u00e7on dont Expando peut vous aider \u00e0 y parvenir. \n<\/p>\r\n            <\/div> \r\n   \t\t\t\t<\/div>\n\t\t\t\t<\/div>\n\t\t\t\t<div class=\"elementor-element elementor-element-7f698020 elementor-widget elementor-widget-axil-button\" data-id=\"7f698020\" data-element_type=\"widget\" data-e-type=\"widget\" data-widget_type=\"axil-button.default\">\n\t\t\t\t<div class=\"elementor-widget-container\">\n\t\t\t\t\t\r\n           <div class=\"btn-wrp-new  text-left\">\r\n            <a class=\"btn-large axil-btn  btn-fill-primary\" href=\"#contact\" target=\"_blank\" rel=\"nofollow\">Contactez-nous<\/a>                \r\n            <\/div> \r\n \r\n\t\t\t\t\t<\/div>\n\t\t\t\t<\/div>\n\t\t\t\t\t<\/div>\n\t\t<\/div>\n\t\t\t\t\t<\/div>\n\t\t<\/section>\n\t\t\t\t<section class=\"elementor-section elementor-top-section elementor-element elementor-element-a6ea9dc elementor-section-boxed elementor-section-height-default elementor-section-height-default\" data-id=\"a6ea9dc\" data-element_type=\"section\" data-e-type=\"section\" id=\"contact\">\n\t\t\t\t\t\t<div class=\"elementor-container elementor-column-gap-default\">\n\t\t\t\t\t<div class=\"elementor-column elementor-col-100 elementor-top-column elementor-element elementor-element-dbe62ed\" data-id=\"dbe62ed\" data-element_type=\"column\" data-e-type=\"column\">\n\t\t\t<div class=\"elementor-widget-wrap elementor-element-populated\">\n\t\t\t\t\t\t<div class=\"elementor-element elementor-element-eef4127 elementor-widget elementor-widget-heading\" data-id=\"eef4127\" data-element_type=\"widget\" data-e-type=\"widget\" data-widget_type=\"heading.default\">\n\t\t\t\t<div class=\"elementor-widget-container\">\n\t\t\t\t\t<h2 class=\"elementor-heading-title elementor-size-default\">Pr\u00eat pour la prochaine \u00e9tape?\n<\/h2>\t\t\t\t<\/div>\n\t\t\t\t<\/div>\n\t\t\t\t\t<\/div>\n\t\t<\/div>\n\t\t\t\t\t<\/div>\n\t\t<\/section>\n\t\t\t\t<section class=\"elementor-section elementor-top-section elementor-element elementor-element-8c388fe elementor-section-boxed elementor-section-height-default elementor-section-height-default\" data-id=\"8c388fe\" data-element_type=\"section\" data-e-type=\"section\">\n\t\t\t\t\t\t<div class=\"elementor-container elementor-column-gap-default\">\n\t\t\t\t\t<div class=\"elementor-column elementor-col-100 elementor-top-column elementor-element elementor-element-725f947\" data-id=\"725f947\" data-element_type=\"column\" data-e-type=\"column\">\n\t\t\t<div class=\"elementor-widget-wrap\">\n\t\t\t\t\t\t\t<\/div>\n\t\t<\/div>\n\t\t\t\t\t<\/div>\n\t\t<\/section>\n\t\t\t\t<\/div>\n\t\t<\/body>","protected":false},"excerpt":{"rendered":"<p>Want to expand to MENA? Working with MENA is not a straightforward process; as we have relations, partners, and clients [&hellip;]<\/p>\n","protected":false},"author":1,"featured_media":0,"parent":0,"menu_order":0,"comment_status":"closed","ping_status":"closed","template":"elementor_header_footer","meta":{"om_disable_all_campaigns":false,"pmpro_default_level":"","footnotes":""},"class_list":["post-6318","page","type-page","status-publish","hentry","pmpro-has-access"],"acf":[],"yoast_head":"<!-- This site is optimized with the Yoast SEO Premium plugin v20.1 (Yoast SEO v27.4) - https:\/\/yoast.com\/product\/yoast-seo-premium-wordpress\/ -->\n<title>Expand To MENA - Expando Digital<\/title>\n<meta name=\"robots\" content=\"index, follow, max-snippet:-1, max-image-preview:large, max-video-preview:-1\" \/>\n<link rel=\"canonical\" href=\"https:\/\/expando.digital\/fr\/expand-to-mena\/\" \/>\n<meta property=\"og:locale\" content=\"fr_FR\" \/>\n<meta property=\"og:type\" content=\"article\" \/>\n<meta property=\"og:title\" content=\"Expand To MENA\" \/>\n<meta property=\"og:description\" content=\"Want to expand to MENA? Working with MENA is not a straightforward process; as we have relations, partners, and clients [&hellip;]\" \/>\n<meta property=\"og:url\" content=\"https:\/\/expando.digital\/fr\/expand-to-mena\/\" \/>\n<meta property=\"og:site_name\" content=\"Expando Digital\" \/>\n<meta property=\"article:modified_time\" content=\"2023-03-10T20:42:14+00:00\" \/>\n<meta property=\"og:image\" content=\"https:\/\/expando.digital\/wp-content\/uploads\/2023\/02\/Visual-data-pana.webp\" \/>\n<meta name=\"twitter:card\" content=\"summary_large_image\" \/>\n<meta name=\"twitter:label1\" content=\"Dur\u00e9e de lecture estim\u00e9e\" \/>\n\t<meta name=\"twitter:data1\" content=\"1 minute\" \/>\n<script type=\"application\/ld+json\" class=\"yoast-schema-graph\">{\"@context\":\"https:\\\/\\\/schema.org\",\"@graph\":[{\"@type\":\"WebPage\",\"@id\":\"https:\\\/\\\/expando.digital\\\/expand-to-mena\\\/\",\"url\":\"https:\\\/\\\/expando.digital\\\/expand-to-mena\\\/\",\"name\":\"Expand To MENA - Expando Digital\",\"isPartOf\":{\"@id\":\"https:\\\/\\\/expando.digital\\\/#website\"},\"primaryImageOfPage\":{\"@id\":\"https:\\\/\\\/expando.digital\\\/expand-to-mena\\\/#primaryimage\"},\"image\":{\"@id\":\"https:\\\/\\\/expando.digital\\\/expand-to-mena\\\/#primaryimage\"},\"thumbnailUrl\":\"https:\\\/\\\/expando.digital\\\/wp-content\\\/uploads\\\/2023\\\/02\\\/Visual-data-pana.webp\",\"datePublished\":\"2022-11-24T10:37:23+00:00\",\"dateModified\":\"2023-03-10T20:42:14+00:00\",\"breadcrumb\":{\"@id\":\"https:\\\/\\\/expando.digital\\\/expand-to-mena\\\/#breadcrumb\"},\"inLanguage\":\"fr-FR\",\"potentialAction\":[{\"@type\":\"ReadAction\",\"target\":[\"https:\\\/\\\/expando.digital\\\/expand-to-mena\\\/\"]}]},{\"@type\":\"ImageObject\",\"inLanguage\":\"fr-FR\",\"@id\":\"https:\\\/\\\/expando.digital\\\/expand-to-mena\\\/#primaryimage\",\"url\":\"https:\\\/\\\/expando.digital\\\/wp-content\\\/uploads\\\/2023\\\/02\\\/Visual-data-pana.webp\",\"contentUrl\":\"https:\\\/\\\/expando.digital\\\/wp-content\\\/uploads\\\/2023\\\/02\\\/Visual-data-pana.webp\"},{\"@type\":\"BreadcrumbList\",\"@id\":\"https:\\\/\\\/expando.digital\\\/expand-to-mena\\\/#breadcrumb\",\"itemListElement\":[{\"@type\":\"ListItem\",\"position\":1,\"name\":\"Home\",\"item\":\"https:\\\/\\\/expando.digital\\\/\"},{\"@type\":\"ListItem\",\"position\":2,\"name\":\"Expand To MENA\"}]},{\"@type\":\"WebSite\",\"@id\":\"https:\\\/\\\/expando.digital\\\/#website\",\"url\":\"https:\\\/\\\/expando.digital\\\/\",\"name\":\"Expando Digital\",\"description\":\"Expando Digital\",\"publisher\":{\"@id\":\"https:\\\/\\\/expando.digital\\\/#organization\"},\"potentialAction\":[{\"@type\":\"SearchAction\",\"target\":{\"@type\":\"EntryPoint\",\"urlTemplate\":\"https:\\\/\\\/expando.digital\\\/?s={search_term_string}\"},\"query-input\":{\"@type\":\"PropertyValueSpecification\",\"valueRequired\":true,\"valueName\":\"search_term_string\"}}],\"inLanguage\":\"fr-FR\"},{\"@type\":\"Organization\",\"@id\":\"https:\\\/\\\/expando.digital\\\/#organization\",\"name\":\"Expando Digital\",\"url\":\"https:\\\/\\\/expando.digital\\\/\",\"logo\":{\"@type\":\"ImageObject\",\"inLanguage\":\"fr-FR\",\"@id\":\"https:\\\/\\\/expando.digital\\\/#\\\/schema\\\/logo\\\/image\\\/\",\"url\":\"https:\\\/\\\/i0.wp.com\\\/expando.digital\\\/wp-content\\\/uploads\\\/2022\\\/05\\\/Untitled-design.png?fit=512%2C512&ssl=1\",\"contentUrl\":\"https:\\\/\\\/i0.wp.com\\\/expando.digital\\\/wp-content\\\/uploads\\\/2022\\\/05\\\/Untitled-design.png?fit=512%2C512&ssl=1\",\"width\":512,\"height\":512,\"caption\":\"Expando Digital\"},\"image\":{\"@id\":\"https:\\\/\\\/expando.digital\\\/#\\\/schema\\\/logo\\\/image\\\/\"}}]}<\/script>\n<!-- \/ Yoast SEO Premium plugin. -->","yoast_head_json":{"title":"Expansion vers la r\u00e9gion MENA - Expando Digital","robots":{"index":"index","follow":"follow","max-snippet":"max-snippet:-1","max-image-preview":"max-image-preview:large","max-video-preview":"max-video-preview:-1"},"canonical":"https:\/\/expando.digital\/fr\/expand-to-mena\/","og_locale":"fr_FR","og_type":"article","og_title":"Expand To MENA","og_description":"Want to expand to MENA? Working with MENA is not a straightforward process; as we have relations, partners, and clients [&hellip;]","og_url":"https:\/\/expando.digital\/fr\/expand-to-mena\/","og_site_name":"Expando Digital","article_modified_time":"2023-03-10T20:42:14+00:00","og_image":[{"url":"https:\/\/expando.digital\/wp-content\/uploads\/2023\/02\/Visual-data-pana.webp","type":"","width":"","height":""}],"twitter_card":"summary_large_image","twitter_misc":{"Dur\u00e9e de lecture estim\u00e9e":"1 minute"},"schema":{"@context":"https:\/\/schema.org","@graph":[{"@type":"WebPage","@id":"https:\/\/expando.digital\/expand-to-mena\/","url":"https:\/\/expando.digital\/expand-to-mena\/","name":"Expansion vers la r\u00e9gion MENA - Expando Digital","isPartOf":{"@id":"https:\/\/expando.digital\/#website"},"primaryImageOfPage":{"@id":"https:\/\/expando.digital\/expand-to-mena\/#primaryimage"},"image":{"@id":"https:\/\/expando.digital\/expand-to-mena\/#primaryimage"},"thumbnailUrl":"https:\/\/expando.digital\/wp-content\/uploads\/2023\/02\/Visual-data-pana.webp","datePublished":"2022-11-24T10:37:23+00:00","dateModified":"2023-03-10T20:42:14+00:00","breadcrumb":{"@id":"https:\/\/expando.digital\/expand-to-mena\/#breadcrumb"},"inLanguage":"fr-FR","potentialAction":[{"@type":"ReadAction","target":["https:\/\/expando.digital\/expand-to-mena\/"]}]},{"@type":"ImageObject","inLanguage":"fr-FR","@id":"https:\/\/expando.digital\/expand-to-mena\/#primaryimage","url":"https:\/\/expando.digital\/wp-content\/uploads\/2023\/02\/Visual-data-pana.webp","contentUrl":"https:\/\/expando.digital\/wp-content\/uploads\/2023\/02\/Visual-data-pana.webp"},{"@type":"BreadcrumbList","@id":"https:\/\/expando.digital\/expand-to-mena\/#breadcrumb","itemListElement":[{"@type":"ListItem","position":1,"name":"Home","item":"https:\/\/expando.digital\/"},{"@type":"ListItem","position":2,"name":"Expand To MENA"}]},{"@type":"WebSite","@id":"https:\/\/expando.digital\/#website","url":"https:\/\/expando.digital\/","name":"Expando Digital","description":"Expando Digital","publisher":{"@id":"https:\/\/expando.digital\/#organization"},"potentialAction":[{"@type":"SearchAction","target":{"@type":"EntryPoint","urlTemplate":"https:\/\/expando.digital\/?s={search_term_string}"},"query-input":{"@type":"PropertyValueSpecification","valueRequired":true,"valueName":"search_term_string"}}],"inLanguage":"fr-FR"},{"@type":"Organization","@id":"https:\/\/expando.digital\/#organization","name":"Expando Digital","url":"https:\/\/expando.digital\/","logo":{"@type":"ImageObject","inLanguage":"fr-FR","@id":"https:\/\/expando.digital\/#\/schema\/logo\/image\/","url":"https:\/\/i0.wp.com\/expando.digital\/wp-content\/uploads\/2022\/05\/Untitled-design.png?fit=512%2C512&ssl=1","contentUrl":"https:\/\/i0.wp.com\/expando.digital\/wp-content\/uploads\/2022\/05\/Untitled-design.png?fit=512%2C512&ssl=1","width":512,"height":512,"caption":"Expando Digital"},"image":{"@id":"https:\/\/expando.digital\/#\/schema\/logo\/image\/"}}]}},"jetpack_sharing_enabled":true,"_links":{"self":[{"href":"https:\/\/expando.digital\/fr\/wp-json\/wp\/v2\/pages\/6318","targetHints":{"allow":["GET"]}}],"collection":[{"href":"https:\/\/expando.digital\/fr\/wp-json\/wp\/v2\/pages"}],"about":[{"href":"https:\/\/expando.digital\/fr\/wp-json\/wp\/v2\/types\/page"}],"author":[{"embeddable":true,"href":"https:\/\/expando.digital\/fr\/wp-json\/wp\/v2\/users\/1"}],"replies":[{"embeddable":true,"href":"https:\/\/expando.digital\/fr\/wp-json\/wp\/v2\/comments?post=6318"}],"version-history":[{"count":19,"href":"https:\/\/expando.digital\/fr\/wp-json\/wp\/v2\/pages\/6318\/revisions"}],"predecessor-version":[{"id":7385,"href":"https:\/\/expando.digital\/fr\/wp-json\/wp\/v2\/pages\/6318\/revisions\/7385"}],"wp:attachment":[{"href":"https:\/\/expando.digital\/fr\/wp-json\/wp\/v2\/media?parent=6318"}],"curies":[{"name":"wp","href":"https:\/\/api.w.org\/{rel}","templated":true}]}}